{"id":7957,"date":"2023-08-14T17:44:17","date_gmt":"2023-08-14T21:44:17","guid":{"rendered":"https:\/\/www.baseloadcap.com\/our-hidden-powers\/"},"modified":"2024-11-07T04:26:59","modified_gmt":"2024-11-07T09:26:59","slug":"our-hidden-powers","status":"publish","type":"page","link":"https:\/\/www.baseloadcap.com\/is\/our-hidden-powers\/","title":{"rendered":"Our hidden powers"},"content":{"rendered":"<div class=\"bg-slate-100 flex grow flex-col justify-center\">\n<div class=\"px-7 md:px-10 text-center py-[50px] md:py-[150px] text-[1rem] md:text-[1.125rem] font-[350] leading-[1.3] tracking-[-0.03375rem]\">\n<h1 class=\"text-[2.625rem] md:text-[4.625rem] font-[500] leading-[1.135] tracking-[-0.13875rem]\">No ACF Templates Found<\/h1>\n<div class=\"pt-4 pb-1 [&amp;_p]:mb-0\">\n<p>There are no ACF templates found on this page. Please check to see if the ACF section name matches the template file name.<\/p>\n<\/div>\n<\/div>\n<\/div>\n","protected":false},"excerpt":{"rendered":"<p>No ACF Templates Found There are no ACF templates found on this page. Please check to see if the ACF section name matches the template file name.<\/p>\n","protected":false},"author":2,"featured_media":0,"parent":0,"menu_order":11,"comment_status":"closed","ping_status":"closed","template":"","meta":{"_acf_changed":false,"footnotes":""},"class_list":["post-7957","page","type-page","status-publish","hentry"],"acf":[],"yoast_head":"<!-- This site is optimized with the Yoast SEO plugin v27.2 - https:\/\/yoast.com\/product\/yoast-seo-wordpress\/ -->\n<title>Our hidden powers - Baseload Capital - Investing in geothermal energy for a planet in balance.<\/title>\n<meta name=\"description\" content=\"Okkar dulda orka er fr\u00e6\u00f0andi og skemmtileg barnab\u00f3k um endurn\u00fdjanlega orku og samvinnu \u00ed \u00fe\u00e1gu jar\u00f0ar \u00ed jafnv\u00e6gi.\" \/>\n<meta name=\"robots\" content=\"index, follow, max-snippet:-1, max-image-preview:large, max-video-preview:-1\" \/>\n<link rel=\"canonical\" href=\"https:\/\/www.baseloadcap.com\/is\/our-hidden-powers\/\" \/>\n<meta property=\"og:locale\" content=\"is_IS\" \/>\n<meta property=\"og:type\" content=\"article\" \/>\n<meta property=\"og:title\" content=\"Our hidden powers - Baseload Capital - Investing in geothermal energy for a planet in balance.\" \/>\n<meta property=\"og:description\" content=\"Okkar dulda orka er fr\u00e6\u00f0andi og skemmtileg barnab\u00f3k um endurn\u00fdjanlega orku og samvinnu \u00ed \u00fe\u00e1gu jar\u00f0ar \u00ed jafnv\u00e6gi.\" \/>\n<meta property=\"og:url\" content=\"https:\/\/www.baseloadcap.com\/is\/our-hidden-powers\/\" \/>\n<meta property=\"og:site_name\" content=\"Baseload Capital - Investing in geothermal energy for a planet in balance.\" \/>\n<meta property=\"article:modified_time\" content=\"2024-11-07T09:26:59+00:00\" \/>\n<meta name=\"twitter:card\" content=\"summary_large_image\" \/>\n<meta name=\"twitter:label1\" content=\"Est. reading time\" \/>\n\t<meta name=\"twitter:data1\" content=\"1 minute\" \/>\n<!-- \/ Yoast SEO plugin. -->","yoast_head_json":{"title":"Our hidden powers - Baseload Capital - Investing in geothermal energy for a planet in balance.","description":"Okkar dulda orka er fr\u00e6\u00f0andi og skemmtileg barnab\u00f3k um endurn\u00fdjanlega orku og samvinnu \u00ed \u00fe\u00e1gu jar\u00f0ar \u00ed jafnv\u00e6gi.","robots":{"index":"index","follow":"follow","max-snippet":"max-snippet:-1","max-image-preview":"max-image-preview:large","max-video-preview":"max-video-preview:-1"},"canonical":"https:\/\/www.baseloadcap.com\/is\/our-hidden-powers\/","og_locale":"is_IS","og_type":"article","og_title":"Our hidden powers - Baseload Capital - Investing in geothermal energy for a planet in balance.","og_description":"Okkar dulda orka er fr\u00e6\u00f0andi og skemmtileg barnab\u00f3k um endurn\u00fdjanlega orku og samvinnu \u00ed \u00fe\u00e1gu jar\u00f0ar \u00ed jafnv\u00e6gi.","og_url":"https:\/\/www.baseloadcap.com\/is\/our-hidden-powers\/","og_site_name":"Baseload Capital - Investing in geothermal energy for a planet in balance.","article_modified_time":"2024-11-07T09:26:59+00:00","twitter_card":"summary_large_image","twitter_misc":{"Est. reading time":"1 minute"},"schema":{"@context":"https:\/\/schema.org","@graph":[{"@type":"WebPage","@id":"https:\/\/www.baseloadcap.com\/is\/our-hidden-powers\/","url":"https:\/\/www.baseloadcap.com\/is\/our-hidden-powers\/","name":"Our hidden powers - Baseload Capital - Investing in geothermal energy for a planet in balance.","isPartOf":{"@id":"https:\/\/www.baseloadcap.com\/is\/#website"},"datePublished":"2023-08-14T21:44:17+00:00","dateModified":"2024-11-07T09:26:59+00:00","description":"Okkar dulda orka er fr\u00e6\u00f0andi og skemmtileg barnab\u00f3k um endurn\u00fdjanlega orku og samvinnu \u00ed \u00fe\u00e1gu jar\u00f0ar \u00ed jafnv\u00e6gi.","breadcrumb":{"@id":"https:\/\/www.baseloadcap.com\/is\/our-hidden-powers\/#breadcrumb"},"inLanguage":"is","potentialAction":[{"@type":"ReadAction","target":["https:\/\/www.baseloadcap.com\/is\/our-hidden-powers\/"]}]},{"@type":"BreadcrumbList","@id":"https:\/\/www.baseloadcap.com\/is\/our-hidden-powers\/#breadcrumb","itemListElement":[{"@type":"ListItem","position":1,"name":"Home","item":"https:\/\/www.baseloadcap.com\/is\/"},{"@type":"ListItem","position":2,"name":"Our hidden powers"}]},{"@type":"WebSite","@id":"https:\/\/www.baseloadcap.com\/is\/#website","url":"https:\/\/www.baseloadcap.com\/is\/","name":"Baseload Capital - Investing in geothermal energy for a planet in balance.","description":"","potentialAction":[{"@type":"SearchAction","target":{"@type":"EntryPoint","urlTemplate":"https:\/\/www.baseloadcap.com\/is\/?s={search_term_string}"},"query-input":{"@type":"PropertyValueSpecification","valueRequired":true,"valueName":"search_term_string"}}],"inLanguage":"is"}]}},"_links":{"self":[{"href":"https:\/\/www.baseloadcap.com\/is\/wp-json\/wp\/v2\/pages\/7957","targetHints":{"allow":["GET"]}}],"collection":[{"href":"https:\/\/www.baseloadcap.com\/is\/wp-json\/wp\/v2\/pages"}],"about":[{"href":"https:\/\/www.baseloadcap.com\/is\/wp-json\/wp\/v2\/types\/page"}],"author":[{"embeddable":true,"href":"https:\/\/www.baseloadcap.com\/is\/wp-json\/wp\/v2\/users\/2"}],"replies":[{"embeddable":true,"href":"https:\/\/www.baseloadcap.com\/is\/wp-json\/wp\/v2\/comments?post=7957"}],"version-history":[{"count":0,"href":"https:\/\/www.baseloadcap.com\/is\/wp-json\/wp\/v2\/pages\/7957\/revisions"}],"wp:attachment":[{"href":"https:\/\/www.baseloadcap.com\/is\/wp-json\/wp\/v2\/media?parent=7957"}],"curies":[{"name":"wp","href":"https:\/\/api.w.org\/{rel}","templated":true}]}}