{"id":7930,"date":"2024-08-20T18:56:07","date_gmt":"2024-08-20T22:56:07","guid":{"rendered":"https:\/\/www.baseloadcap.com\/baseload-power-taiwan\/"},"modified":"2024-11-27T08:10:21","modified_gmt":"2024-11-27T13:10:21","slug":"baseload-power-taiwan","status":"publish","type":"page","link":"https:\/\/www.baseloadcap.com\/is\/baseload-power-taiwan\/","title":{"rendered":"Baseload Power Taiwan"},"content":{"rendered":"","protected":false},"excerpt":{"rendered":"","protected":false},"author":2,"featured_media":0,"parent":0,"menu_order":1,"comment_status":"closed","ping_status":"closed","template":"","meta":{"_acf_changed":false,"footnotes":""},"class_list":["post-7930","page","type-page","status-publish","hentry"],"acf":[],"yoast_head":"<!-- This site is optimized with the Yoast SEO plugin v27.2 - https:\/\/yoast.com\/product\/yoast-seo-wordpress\/ -->\n<title>Baseload Power \u00ed Ta\u00edvan \u2013 frumkv\u00f6\u00f0lar \u00ed sj\u00e1lfb\u00e6rri jar\u00f0hitaorku<\/title>\n<meta name=\"description\" content=\"Eftirspurn eftir gr\u00e6nni orku til a\u00f0 sty\u00f0ja t\u00e6knimi\u00f0a\u00f0 hagkerfi Ta\u00edvans er g\u00edfurleg, svo mikilv\u00e6gt er a\u00f0 tryggja orku\u00f6ryggi og \u00ferautseigju.\" \/>\n<meta name=\"robots\" content=\"index, follow, max-snippet:-1, max-image-preview:large, max-video-preview:-1\" \/>\n<link rel=\"canonical\" href=\"https:\/\/www.baseloadcap.com\/is\/baseload-power-taiwan\/\" \/>\n<meta property=\"og:locale\" content=\"is_IS\" \/>\n<meta property=\"og:type\" content=\"article\" \/>\n<meta property=\"og:title\" content=\"Baseload Power \u00ed Ta\u00edvan \u2013 frumkv\u00f6\u00f0lar \u00ed sj\u00e1lfb\u00e6rri jar\u00f0hitaorku\" \/>\n<meta property=\"og:description\" content=\"Eftirspurn eftir gr\u00e6nni orku til a\u00f0 sty\u00f0ja t\u00e6knimi\u00f0a\u00f0 hagkerfi Ta\u00edvans er g\u00edfurleg, svo mikilv\u00e6gt er a\u00f0 tryggja orku\u00f6ryggi og \u00ferautseigju.\" \/>\n<meta property=\"og:url\" content=\"https:\/\/www.baseloadcap.com\/is\/baseload-power-taiwan\/\" \/>\n<meta property=\"og:site_name\" content=\"Baseload Capital - Investing in geothermal energy for a planet in balance.\" \/>\n<meta property=\"article:modified_time\" content=\"2024-11-27T13:10:21+00:00\" \/>\n<meta name=\"twitter:card\" content=\"summary_large_image\" \/>\n<!-- \/ Yoast SEO plugin. -->","yoast_head_json":{"title":"Baseload Power \u00ed Ta\u00edvan \u2013 frumkv\u00f6\u00f0lar \u00ed sj\u00e1lfb\u00e6rri jar\u00f0hitaorku","description":"Eftirspurn eftir gr\u00e6nni orku til a\u00f0 sty\u00f0ja t\u00e6knimi\u00f0a\u00f0 hagkerfi Ta\u00edvans er g\u00edfurleg, svo mikilv\u00e6gt er a\u00f0 tryggja orku\u00f6ryggi og \u00ferautseigju.","robots":{"index":"index","follow":"follow","max-snippet":"max-snippet:-1","max-image-preview":"max-image-preview:large","max-video-preview":"max-video-preview:-1"},"canonical":"https:\/\/www.baseloadcap.com\/is\/baseload-power-taiwan\/","og_locale":"is_IS","og_type":"article","og_title":"Baseload Power \u00ed Ta\u00edvan \u2013 frumkv\u00f6\u00f0lar \u00ed sj\u00e1lfb\u00e6rri jar\u00f0hitaorku","og_description":"Eftirspurn eftir gr\u00e6nni orku til a\u00f0 sty\u00f0ja t\u00e6knimi\u00f0a\u00f0 hagkerfi Ta\u00edvans er g\u00edfurleg, svo mikilv\u00e6gt er a\u00f0 tryggja orku\u00f6ryggi og \u00ferautseigju.","og_url":"https:\/\/www.baseloadcap.com\/is\/baseload-power-taiwan\/","og_site_name":"Baseload Capital - Investing in geothermal energy for a planet in balance.","article_modified_time":"2024-11-27T13:10:21+00:00","twitter_card":"summary_large_image","schema":{"@context":"https:\/\/schema.org","@graph":[{"@type":"WebPage","@id":"https:\/\/www.baseloadcap.com\/is\/baseload-power-taiwan\/","url":"https:\/\/www.baseloadcap.com\/is\/baseload-power-taiwan\/","name":"Baseload Power \u00ed Ta\u00edvan \u2013 frumkv\u00f6\u00f0lar \u00ed sj\u00e1lfb\u00e6rri jar\u00f0hitaorku","isPartOf":{"@id":"https:\/\/www.baseloadcap.com\/is\/#website"},"datePublished":"2024-08-20T22:56:07+00:00","dateModified":"2024-11-27T13:10:21+00:00","description":"Eftirspurn eftir gr\u00e6nni orku til a\u00f0 sty\u00f0ja t\u00e6knimi\u00f0a\u00f0 hagkerfi Ta\u00edvans er g\u00edfurleg, svo mikilv\u00e6gt er a\u00f0 tryggja orku\u00f6ryggi og \u00ferautseigju.","breadcrumb":{"@id":"https:\/\/www.baseloadcap.com\/is\/baseload-power-taiwan\/#breadcrumb"},"inLanguage":"is","potentialAction":[{"@type":"ReadAction","target":["https:\/\/www.baseloadcap.com\/is\/baseload-power-taiwan\/"]}]},{"@type":"BreadcrumbList","@id":"https:\/\/www.baseloadcap.com\/is\/baseload-power-taiwan\/#breadcrumb","itemListElement":[{"@type":"ListItem","position":1,"name":"Home","item":"https:\/\/www.baseloadcap.com\/is\/"},{"@type":"ListItem","position":2,"name":"Baseload Power Taiwan"}]},{"@type":"WebSite","@id":"https:\/\/www.baseloadcap.com\/is\/#website","url":"https:\/\/www.baseloadcap.com\/is\/","name":"Baseload Capital - Investing in geothermal energy for a planet in balance.","description":"","potentialAction":[{"@type":"SearchAction","target":{"@type":"EntryPoint","urlTemplate":"https:\/\/www.baseloadcap.com\/is\/?s={search_term_string}"},"query-input":{"@type":"PropertyValueSpecification","valueRequired":true,"valueName":"search_term_string"}}],"inLanguage":"is"}]}},"_links":{"self":[{"href":"https:\/\/www.baseloadcap.com\/is\/wp-json\/wp\/v2\/pages\/7930","targetHints":{"allow":["GET"]}}],"collection":[{"href":"https:\/\/www.baseloadcap.com\/is\/wp-json\/wp\/v2\/pages"}],"about":[{"href":"https:\/\/www.baseloadcap.com\/is\/wp-json\/wp\/v2\/types\/page"}],"author":[{"embeddable":true,"href":"https:\/\/www.baseloadcap.com\/is\/wp-json\/wp\/v2\/users\/2"}],"replies":[{"embeddable":true,"href":"https:\/\/www.baseloadcap.com\/is\/wp-json\/wp\/v2\/comments?post=7930"}],"version-history":[{"count":0,"href":"https:\/\/www.baseloadcap.com\/is\/wp-json\/wp\/v2\/pages\/7930\/revisions"}],"wp:attachment":[{"href":"https:\/\/www.baseloadcap.com\/is\/wp-json\/wp\/v2\/media?parent=7930"}],"curies":[{"name":"wp","href":"https:\/\/api.w.org\/{rel}","templated":true}]}}