{"id":7144,"date":"2023-10-12T16:49:32","date_gmt":"2023-10-12T20:49:32","guid":{"rendered":"https:\/\/www.baseloadcap.com\/insights\/"},"modified":"2025-01-22T10:01:00","modified_gmt":"2025-01-22T15:01:00","slug":"insights","status":"publish","type":"page","link":"https:\/\/www.baseloadcap.com\/is\/insights\/","title":{"rendered":"Insights"},"content":{"rendered":"<div class=\"bg-slate-100 flex grow flex-col justify-center\">\n<div class=\"px-7 md:px-10 text-center py-[50px] md:py-[150px] text-[1rem] md:text-[1.125rem] font-[350] leading-[1.3] tracking-[-0.03375rem]\">\n<h1 class=\"text-[2.625rem] md:text-[4.625rem] font-[500] leading-[1.135] tracking-[-0.13875rem]\">No ACF Templates Found<\/h1>\n<div class=\"pt-4 pb-1 [&amp;_p]:mb-0\">\n<p>There are no ACF templates found on this page. Please check to see if the ACF section name matches the template file name.<\/p>\n<\/div>\n<\/div>\n<\/div>\n","protected":false},"excerpt":{"rendered":"<p>No ACF Templates Found There are no ACF templates found on this page. Please check to see if the ACF section name matches the template file name.<\/p>\n","protected":false},"author":2,"featured_media":6002,"parent":0,"menu_order":10,"comment_status":"closed","ping_status":"closed","template":"","meta":{"_acf_changed":false,"footnotes":""},"class_list":["post-7144","page","type-page","status-publish","has-post-thumbnail","hentry"],"acf":[],"yoast_head":"<!-- This site is optimized with the Yoast SEO plugin v27.2 - https:\/\/yoast.com\/product\/yoast-seo-wordpress\/ -->\n<title>Inns\u00fdn - kynntu \u00fe\u00e9r n\u00fdjasta n\u00fdtt \u00far heimi jar\u00f0hitans hj\u00e1 Baseload<\/title>\n<meta name=\"description\" content=\"Kynntu \u00fe\u00e9r n\u00fdjasta n\u00fdtt hj\u00e1 Baseload Capital og Power og lestu upp\u00e1haldsfr\u00e9ttirnar okkar \u00far heimi jar\u00f0hitans \u00ed dag\" \/>\n<meta name=\"robots\" content=\"index, follow, max-snippet:-1, max-image-preview:large, max-video-preview:-1\" \/>\n<link rel=\"canonical\" href=\"https:\/\/www.baseloadcap.com\/is\/insights\/\" \/>\n<meta property=\"og:locale\" content=\"is_IS\" \/>\n<meta property=\"og:type\" content=\"article\" \/>\n<meta property=\"og:title\" content=\"Inns\u00fdn - kynntu \u00fe\u00e9r n\u00fdjasta n\u00fdtt \u00far heimi jar\u00f0hitans hj\u00e1 Baseload\" \/>\n<meta property=\"og:description\" content=\"Kynntu \u00fe\u00e9r n\u00fdjasta n\u00fdtt hj\u00e1 Baseload Capital og Power og lestu upp\u00e1haldsfr\u00e9ttirnar okkar \u00far heimi jar\u00f0hitans \u00ed dag\" \/>\n<meta property=\"og:url\" content=\"https:\/\/www.baseloadcap.com\/is\/insights\/\" \/>\n<meta property=\"og:site_name\" content=\"Baseload Capital - Investing in geothermal energy for a planet in balance.\" \/>\n<meta property=\"article:modified_time\" content=\"2025-01-22T15:01:00+00:00\" \/>\n<meta property=\"og:image\" content=\"https:\/\/www.baseloadcap.com\/wp-content\/uploads\/san-arda.jpg\" \/>\n\t<meta property=\"og:image:width\" content=\"1920\" \/>\n\t<meta property=\"og:image:height\" content=\"1371\" \/>\n\t<meta property=\"og:image:type\" content=\"image\/jpeg\" \/>\n<meta name=\"twitter:card\" content=\"summary_large_image\" \/>\n<meta name=\"twitter:label1\" content=\"Est. reading time\" \/>\n\t<meta name=\"twitter:data1\" content=\"1 minute\" \/>\n<!-- \/ Yoast SEO plugin. -->","yoast_head_json":{"title":"Inns\u00fdn - kynntu \u00fe\u00e9r n\u00fdjasta n\u00fdtt \u00far heimi jar\u00f0hitans hj\u00e1 Baseload","description":"Kynntu \u00fe\u00e9r n\u00fdjasta n\u00fdtt hj\u00e1 Baseload Capital og Power og lestu upp\u00e1haldsfr\u00e9ttirnar okkar \u00far heimi jar\u00f0hitans \u00ed dag","robots":{"index":"index","follow":"follow","max-snippet":"max-snippet:-1","max-image-preview":"max-image-preview:large","max-video-preview":"max-video-preview:-1"},"canonical":"https:\/\/www.baseloadcap.com\/is\/insights\/","og_locale":"is_IS","og_type":"article","og_title":"Inns\u00fdn - kynntu \u00fe\u00e9r n\u00fdjasta n\u00fdtt \u00far heimi jar\u00f0hitans hj\u00e1 Baseload","og_description":"Kynntu \u00fe\u00e9r n\u00fdjasta n\u00fdtt hj\u00e1 Baseload Capital og Power og lestu upp\u00e1haldsfr\u00e9ttirnar okkar \u00far heimi jar\u00f0hitans \u00ed dag","og_url":"https:\/\/www.baseloadcap.com\/is\/insights\/","og_site_name":"Baseload Capital - Investing in geothermal energy for a planet in balance.","article_modified_time":"2025-01-22T15:01:00+00:00","og_image":[{"width":1920,"height":1371,"url":"https:\/\/www.baseloadcap.com\/wp-content\/uploads\/san-arda.jpg","type":"image\/jpeg"}],"twitter_card":"summary_large_image","twitter_misc":{"Est. reading time":"1 minute"},"schema":{"@context":"https:\/\/schema.org","@graph":[{"@type":"WebPage","@id":"https:\/\/www.baseloadcap.com\/is\/insights\/","url":"https:\/\/www.baseloadcap.com\/is\/insights\/","name":"Inns\u00fdn - kynntu \u00fe\u00e9r n\u00fdjasta n\u00fdtt \u00far heimi jar\u00f0hitans hj\u00e1 Baseload","isPartOf":{"@id":"https:\/\/www.baseloadcap.com\/is\/#website"},"primaryImageOfPage":{"@id":"https:\/\/www.baseloadcap.com\/is\/insights\/#primaryimage"},"image":{"@id":"https:\/\/www.baseloadcap.com\/is\/insights\/#primaryimage"},"thumbnailUrl":"https:\/\/www.baseloadcap.com\/wp-content\/uploads\/san-arda.jpg","datePublished":"2023-10-12T20:49:32+00:00","dateModified":"2025-01-22T15:01:00+00:00","description":"Kynntu \u00fe\u00e9r n\u00fdjasta n\u00fdtt hj\u00e1 Baseload Capital og Power og lestu upp\u00e1haldsfr\u00e9ttirnar okkar \u00far heimi jar\u00f0hitans \u00ed dag","breadcrumb":{"@id":"https:\/\/www.baseloadcap.com\/is\/insights\/#breadcrumb"},"inLanguage":"is","potentialAction":[{"@type":"ReadAction","target":["https:\/\/www.baseloadcap.com\/is\/insights\/"]}]},{"@type":"ImageObject","inLanguage":"is","@id":"https:\/\/www.baseloadcap.com\/is\/insights\/#primaryimage","url":"https:\/\/www.baseloadcap.com\/wp-content\/uploads\/san-arda.jpg","contentUrl":"https:\/\/www.baseloadcap.com\/wp-content\/uploads\/san-arda.jpg","width":1920,"height":1371},{"@type":"BreadcrumbList","@id":"https:\/\/www.baseloadcap.com\/is\/insights\/#breadcrumb","itemListElement":[{"@type":"ListItem","position":1,"name":"Home","item":"https:\/\/www.baseloadcap.com\/is\/"},{"@type":"ListItem","position":2,"name":"Insights"}]},{"@type":"WebSite","@id":"https:\/\/www.baseloadcap.com\/is\/#website","url":"https:\/\/www.baseloadcap.com\/is\/","name":"Baseload Capital - Investing in geothermal energy for a planet in balance.","description":"","potentialAction":[{"@type":"SearchAction","target":{"@type":"EntryPoint","urlTemplate":"https:\/\/www.baseloadcap.com\/is\/?s={search_term_string}"},"query-input":{"@type":"PropertyValueSpecification","valueRequired":true,"valueName":"search_term_string"}}],"inLanguage":"is"}]}},"_links":{"self":[{"href":"https:\/\/www.baseloadcap.com\/is\/wp-json\/wp\/v2\/pages\/7144","targetHints":{"allow":["GET"]}}],"collection":[{"href":"https:\/\/www.baseloadcap.com\/is\/wp-json\/wp\/v2\/pages"}],"about":[{"href":"https:\/\/www.baseloadcap.com\/is\/wp-json\/wp\/v2\/types\/page"}],"author":[{"embeddable":true,"href":"https:\/\/www.baseloadcap.com\/is\/wp-json\/wp\/v2\/users\/2"}],"replies":[{"embeddable":true,"href":"https:\/\/www.baseloadcap.com\/is\/wp-json\/wp\/v2\/comments?post=7144"}],"version-history":[{"count":0,"href":"https:\/\/www.baseloadcap.com\/is\/wp-json\/wp\/v2\/pages\/7144\/revisions"}],"wp:featuredmedia":[{"embeddable":true,"href":"https:\/\/www.baseloadcap.com\/is\/wp-json\/wp\/v2\/media\/6002"}],"wp:attachment":[{"href":"https:\/\/www.baseloadcap.com\/is\/wp-json\/wp\/v2\/media?parent=7144"}],"curies":[{"name":"wp","href":"https:\/\/api.w.org\/{rel}","templated":true}]}}